{"id":711,"date":"2018-11-13T10:08:16","date_gmt":"2018-11-13T09:08:16","guid":{"rendered":"https:\/\/www.albalatdelstarongers.es\/sede-electronica\/"},"modified":"2025-05-06T11:25:04","modified_gmt":"2025-05-06T09:25:04","slug":"sede-electronica","status":"publish","type":"page","link":"https:\/\/www.albalatdelstarongers.es\/es\/sede-electronica\/","title":{"rendered":"SEDE ELECTR\u00d3NICA"},"content":{"rendered":"<p><div class=\"fusion-fullwidth fullwidth-box fusion-builder-row-1 nonhundred-percent-fullwidth non-hundred-percent-height-scrolling\" style=\"--awb-background-position:left top;--awb-border-sizes-top:0px;--awb-border-sizes-bottom:0px;--awb-border-sizes-left:0px;--awb-border-sizes-right:0px;--awb-border-radius-top-left:0px;--awb-border-radius-top-right:0px;--awb-border-radius-bottom-right:0px;--awb-border-radius-bottom-left:0px;--awb-padding-top:20px;--awb-padding-bottom:20px;--awb-flex-wrap:wrap;\" ><div class=\"fusion-builder-row fusion-row\"><div class=\"fusion-layout-column fusion_builder_column fusion-builder-column-0 fusion_builder_column_1_1 1_1 fusion-one-full fusion-column-first fusion-column-last\" style=\"--awb-bg-size:cover;\"><div class=\"fusion-column-wrapper fusion-flex-column-wrapper-legacy\"><div class=\"fusion-reading-box-container reading-box-container-1\" style=\"--awb-title-color:#333333;--awb-margin-top:10px;--awb-margin-bottom:10px;\"><div class=\"reading-box reading-box-center\" style=\"background-color:#f6f6f6;border-width:1px;border-color:#f6f6f6;border-top-width:3px;border-top-color:var(--primary_color);border-style:solid;\"><h2>SEDE ELECTR\u00d3NICA<\/h2><div class=\"reading-box-description fusion-reading-box-additional\">Seleccione un enlace el cual le llevar\u00e1 a la p\u00e1gina del Servicio que haya seleccionado en una nueva ventana:<\/div><div class=\"fusion-clearfix\"><\/div><\/div><\/div><div class=\"fusion-clearfix\"><\/div><\/div><\/div><\/div><\/div><div class=\"fusion-fullwidth fullwidth-box fusion-builder-row-2 nonhundred-percent-fullwidth non-hundred-percent-height-scrolling\" style=\"--awb-background-position:left top;--awb-border-sizes-top:0px;--awb-border-sizes-bottom:0px;--awb-border-sizes-left:0px;--awb-border-sizes-right:0px;--awb-border-radius-top-left:0px;--awb-border-radius-top-right:0px;--awb-border-radius-bottom-right:0px;--awb-border-radius-bottom-left:0px;--awb-padding-top:20px;--awb-padding-bottom:20px;--awb-flex-wrap:wrap;\" ><div class=\"fusion-builder-row fusion-row\"><div class=\"fusion-layout-column fusion_builder_column fusion-builder-column-1 fusion_builder_column_1_1 1_1 fusion-one-full fusion-column-first fusion-column-last\" style=\"--awb-bg-size:cover;\"><div class=\"fusion-column-wrapper fusion-flex-column-wrapper-legacy\"><div class=\"fusion-tabs fusion-tabs-1 classic vertical-tabs icon-position-left mobile-mode-accordion\" style=\"--awb-title-border-radius-top-left:0px;--awb-title-border-radius-top-right:0px;--awb-title-border-radius-bottom-right:0px;--awb-title-border-radius-bottom-left:0px;--awb-alignment:start;--awb-inactive-color:#ebeaea;--awb-background-color:#ffffff;--awb-border-color:#ebeaea;--awb-active-border-color:#a7bdb1;\"><div class=\"nav\"><ul class=\"nav-tabs\" role=\"tablist\"><li class=\"active\" role=\"presentation\"><a class=\"tab-link\" data-toggle=\"tab\" role=\"tab\" aria-controls=\"tab-2ef00b35500cd484510\" aria-selected=\"true\" id=\"fusion-tab-oficinavirtual\" href=\"#tab-2ef00b35500cd484510\"><h4 class=\"fusion-tab-heading\"><i class=\"fontawesome-icon fa-file-pdf far\" aria-hidden=\"true\" style=\"font-size:13px;\"><\/i>OFICINA VIRTUAL<\/h4><\/a><\/li><li role=\"presentation\"><a class=\"tab-link\" data-toggle=\"tab\" role=\"tab\" aria-controls=\"tab-b7dfabb506c9b62b9eb\" aria-selected=\"false\" tabindex=\"-1\" id=\"fusion-tab-gesti\u00d3ntributariadiputaci\u00d3ndevalencia\" href=\"#tab-b7dfabb506c9b62b9eb\"><h4 class=\"fusion-tab-heading\"><i class=\"fontawesome-icon fa-file-pdf far\" aria-hidden=\"true\" style=\"font-size:13px;\"><\/i>GESTI\u00d3N TRIBUTARIA DIPUTACI\u00d3N DE VALENCIA<\/h4><\/a><\/li><li role=\"presentation\"><a class=\"tab-link\" data-toggle=\"tab\" role=\"tab\" aria-controls=\"tab-b55ae15e45e8c76da80\" aria-selected=\"false\" tabindex=\"-1\" id=\"fusion-tab-otrasadministraciones\" href=\"#tab-b55ae15e45e8c76da80\"><h4 class=\"fusion-tab-heading\"><i class=\"fontawesome-icon fa-file-pdf far\" aria-hidden=\"true\" style=\"font-size:13px;\"><\/i>OTRAS ADMINISTRACIONES<\/h4><\/a><\/li><li role=\"presentation\"><a class=\"tab-link\" data-toggle=\"tab\" role=\"tab\" aria-controls=\"tab-7bcba2d6ac1a2eccab1\" aria-selected=\"false\" tabindex=\"-1\" id=\"fusion-tab-impuestos\" href=\"#tab-7bcba2d6ac1a2eccab1\"><h4 class=\"fusion-tab-heading\"><i class=\"fontawesome-icon fa-file-pdf far\" aria-hidden=\"true\" style=\"font-size:13px;\"><\/i>IMPUESTOS<\/h4><\/a><\/li><\/ul><\/div><div class=\"tab-content\"><div class=\"nav fusion-mobile-tab-nav\"><ul class=\"nav-tabs\" role=\"tablist\"><li class=\"active\" role=\"presentation\"><a class=\"tab-link\" data-toggle=\"tab\" role=\"tab\" aria-controls=\"tab-2ef00b35500cd484510\" aria-selected=\"true\" id=\"mobile-fusion-tab-oficinavirtual\" href=\"#tab-2ef00b35500cd484510\"><h4 class=\"fusion-tab-heading\"><i class=\"fontawesome-icon fa-file-pdf far\" aria-hidden=\"true\" style=\"font-size:13px;\"><\/i>OFICINA VIRTUAL<\/h4><\/a><\/li><\/ul><\/div><div class=\"tab-pane fade fusion-clearfix in active\" role=\"tabpanel\" tabindex=\"0\" aria-labelledby=\"fusion-tab-oficinavirtual\" id=\"tab-2ef00b35500cd484510\">\n<ul>\n<li class=\"clink-7693\"><a href=\"https:\/\/www.albalatdelstarongers.es\/es\/documentos\/instancia-comunicacion-de-actividad-inocua\/\">INSTANCIA COMUNICACI\u00d3N DE ACTIVIDAD INOCUA<\/a><\/li>\n<li class=\"clink-1269\"><a href=\"https:\/\/albalatdelstarongers.sedelectronica.es\/info.1\" target=\"_blank\" rel=\"noopener\">SEDE ELECTR\u00d3NICA<\/a><\/li>\n<\/ul>\n<\/div><div class=\"nav fusion-mobile-tab-nav\"><ul class=\"nav-tabs\" role=\"tablist\"><li role=\"presentation\"><a class=\"tab-link\" data-toggle=\"tab\" role=\"tab\" aria-controls=\"tab-b7dfabb506c9b62b9eb\" aria-selected=\"false\" tabindex=\"-1\" id=\"mobile-fusion-tab-gesti\u00d3ntributariadiputaci\u00d3ndevalencia\" href=\"#tab-b7dfabb506c9b62b9eb\"><h4 class=\"fusion-tab-heading\"><i class=\"fontawesome-icon fa-file-pdf far\" aria-hidden=\"true\" style=\"font-size:13px;\"><\/i>GESTI\u00d3N TRIBUTARIA DIPUTACI\u00d3N DE VALENCIA<\/h4><\/a><\/li><\/ul><\/div><div class=\"tab-pane fade fusion-clearfix\" role=\"tabpanel\" tabindex=\"0\" aria-labelledby=\"fusion-tab-gesti\u00d3ntributariadiputaci\u00d3ndevalencia\" id=\"tab-b7dfabb506c9b62b9eb\">\n<p><a href=\"https:\/\/www.sede.dival.es\/opencms\/opencms\/portal\/index.jsp?lang=ca&amp;opcion=listadoTributos&amp;tema=\/TRIBUTS\/\">Accede AQU\u00cd<\/a> :<\/p>\n<p><a href=\"https:\/\/www.albalatdelstarongers.es\/wp-content\/uploads\/2024\/05\/CALENDARIO-IMPUESTOS-LOCALES-2024.pdf\">CALENDARIO IMPUESTOS LOCALES 2024<\/a><\/p>\n<\/div><div class=\"nav fusion-mobile-tab-nav\"><ul class=\"nav-tabs\" role=\"tablist\"><li role=\"presentation\"><a class=\"tab-link\" data-toggle=\"tab\" role=\"tab\" aria-controls=\"tab-b55ae15e45e8c76da80\" aria-selected=\"false\" tabindex=\"-1\" id=\"mobile-fusion-tab-otrasadministraciones\" href=\"#tab-b55ae15e45e8c76da80\"><h4 class=\"fusion-tab-heading\"><i class=\"fontawesome-icon fa-file-pdf far\" aria-hidden=\"true\" style=\"font-size:13px;\"><\/i>OTRAS ADMINISTRACIONES<\/h4><\/a><\/li><\/ul><\/div><div class=\"tab-pane fade fusion-clearfix\" role=\"tabpanel\" tabindex=\"0\" aria-labelledby=\"fusion-tab-otrasadministraciones\" id=\"tab-b55ae15e45e8c76da80\">\n<ul>\n<li class=\"clink-1274\"><a href=\"https:\/\/www.albalatdelstarongers.es\/es\/documentos\/ventanilla-unica-empresarial\/\">Ventanilla Unica Empresarial<\/a><\/li>\n<li class=\"clink-1277\"><a href=\"https:\/\/www.albalatdelstarongers.es\/es\/documentos\/tesoreria-general-seg-social\/\">Tesorer\u00eda General Seg. Social<\/a><\/li>\n<li class=\"clink-1280\"><a href=\"https:\/\/www.albalatdelstarongers.es\/es\/documentos\/agencia-tributaria\/\">Agencia Tributaria<\/a><\/li>\n<li class=\"clink-1283\"><a href=\"https:\/\/www.albalatdelstarongers.es\/es\/documentos\/administracion-general-del-estado\/\">Administraci\u00f3n General del Estado<\/a><\/li>\n<li class=\"clink-1286\"><a href=\"https:\/\/www.albalatdelstarongers.es\/es\/documentos\/oficina-virtual-del-catastro\/\">Oficina Virtual del Catastro<\/a><\/li>\n<li class=\"clink-1289\"><a href=\"https:\/\/www.albalatdelstarongers.es\/es\/documentos\/pago-de-tributos-diputacion-valencia\/\">Pago de Tributos Diputaci\u00f3n Valencia<\/a><\/li>\n<\/ul>\n<\/div><div class=\"nav fusion-mobile-tab-nav\"><ul class=\"nav-tabs\" role=\"tablist\"><li role=\"presentation\"><a class=\"tab-link\" data-toggle=\"tab\" role=\"tab\" aria-controls=\"tab-7bcba2d6ac1a2eccab1\" aria-selected=\"false\" tabindex=\"-1\" id=\"mobile-fusion-tab-impuestos\" href=\"#tab-7bcba2d6ac1a2eccab1\"><h4 class=\"fusion-tab-heading\"><i class=\"fontawesome-icon fa-file-pdf far\" aria-hidden=\"true\" style=\"font-size:13px;\"><\/i>IMPUESTOS<\/h4><\/a><\/li><\/ul><\/div><div class=\"tab-pane fade fusion-clearfix\" role=\"tabpanel\" tabindex=\"0\" aria-labelledby=\"fusion-tab-impuestos\" id=\"tab-7bcba2d6ac1a2eccab1\">\n<p>En el siguiente enlace podr\u00e1s realizar diversos tr\u00e1mites: justificantes de pagos, informes de situaci\u00f3n de recibos o de deuda, domiciliaciones, fraccionamientos, etc.<\/p>\n<p><a href=\"https:\/\/www.sede.dival.es\/opencms\/opencms\/portal\/index.jsp?opcion=listadoTributos&amp;tema=\/TRIBUTS\/\">https:\/\/www.sede.dival.es\/opencms\/opencms\/portal\/index.jsp?opcion=listadoTributos&amp;tema=\/TRIBUTS\/<\/a><\/p>\n<p><img decoding=\"async\" class=\"alignnone size-full wp-image-7478 aligncenter\" src=\"https:\/\/www.albalatdelstarongers.es\/wp-content\/uploads\/2022\/10\/images_007.png\" alt=\"\" width=\"264\" height=\"130\" srcset=\"https:\/\/www.albalatdelstarongers.es\/wp-content\/uploads\/2022\/10\/images_007-150x74.png 150w, https:\/\/www.albalatdelstarongers.es\/wp-content\/uploads\/2022\/10\/images_007-200x98.png 200w, https:\/\/www.albalatdelstarongers.es\/wp-content\/uploads\/2022\/10\/images_007.png 264w\" sizes=\"(max-width: 264px) 100vw, 264px\" \/><\/p>\n<\/div><\/div><\/div><div class=\"fusion-clearfix\"><\/div><\/div><\/div><\/div><div class=\"fusion-builder-row fusion-row\"><\/div><\/div><div class=\"fusion-fullwidth fullwidth-box fusion-builder-row-3 nonhundred-percent-fullwidth non-hundred-percent-height-scrolling\" style=\"--awb-border-radius-top-left:0px;--awb-border-radius-top-right:0px;--awb-border-radius-bottom-right:0px;--awb-border-radius-bottom-left:0px;--awb-flex-wrap:wrap;\" ><\/div><div class=\"fusion-fullwidth fullwidth-box fusion-builder-row-4 nonhundred-percent-fullwidth non-hundred-percent-height-scrolling\" style=\"--awb-border-radius-top-left:0px;--awb-border-radius-top-right:0px;--awb-border-radius-bottom-right:0px;--awb-border-radius-bottom-left:0px;--awb-flex-wrap:wrap;\" ><div class=\"fusion-builder-row fusion-row\"><div class=\"fusion-layout-column fusion_builder_column fusion-builder-column-2 fusion_builder_column_1_1 1_1 fusion-one-full fusion-column-first fusion-column-last\" style=\"--awb-bg-size:cover;--awb-margin-bottom:0px;\"><div class=\"fusion-column-wrapper fusion-flex-column-wrapper-legacy\"><div class=\"fusion-clearfix\"><\/div><\/div><\/div><\/div><\/div><\/p>\n","protected":false},"excerpt":{"rendered":"","protected":false},"author":1,"featured_media":0,"parent":0,"menu_order":0,"comment_status":"closed","ping_status":"closed","template":"","meta":{"_bbp_topic_count":0,"_bbp_reply_count":0,"_bbp_total_topic_count":0,"_bbp_total_reply_count":0,"_bbp_voice_count":0,"_bbp_anonymous_reply_count":0,"_bbp_topic_count_hidden":0,"_bbp_reply_count_hidden":0,"_bbp_forum_subforum_count":0,"footnotes":""},"class_list":["post-711","page","type-page","status-publish","hentry"],"yoast_head":"<!-- This site is optimized with the Yoast SEO plugin v26.6 - https:\/\/yoast.com\/wordpress\/plugins\/seo\/ -->\n<title>SEDE ELECTR\u00d3NICA - Albalat dels Tarongers<\/title>\n<meta name=\"robots\" content=\"index, follow, max-snippet:-1, max-image-preview:large, max-video-preview:-1\" \/>\n<link rel=\"canonical\" href=\"https:\/\/www.albalatdelstarongers.es\/es\/sede-electronica\/\" \/>\n<meta property=\"og:locale\" content=\"es_ES\" \/>\n<meta property=\"og:type\" content=\"article\" \/>\n<meta property=\"og:title\" content=\"SEDE ELECTR\u00d3NICA - Albalat dels Tarongers\" \/>\n<meta property=\"og:url\" content=\"https:\/\/www.albalatdelstarongers.es\/es\/sede-electronica\/\" \/>\n<meta property=\"og:site_name\" content=\"Albalat dels Tarongers\" \/>\n<meta property=\"article:publisher\" content=\"https:\/\/www.facebook.com\/aytoalbalatdelstarongers\/\" \/>\n<meta property=\"article:modified_time\" content=\"2025-05-06T09:25:04+00:00\" \/>\n<meta property=\"og:image\" content=\"https:\/\/www.albalatdelstarongers.es\/wp-content\/uploads\/2022\/10\/images_007.png\" \/>\n\t<meta property=\"og:image:width\" content=\"264\" \/>\n\t<meta property=\"og:image:height\" content=\"130\" \/>\n\t<meta property=\"og:image:type\" content=\"image\/png\" \/>\n<meta name=\"twitter:card\" content=\"summary_large_image\" \/>\n<meta name=\"twitter:label1\" content=\"Tiempo de lectura\" \/>\n\t<meta name=\"twitter:data1\" content=\"1 minuto\" \/>\n<script type=\"application\/ld+json\" class=\"yoast-schema-graph\">{\"@context\":\"https:\/\/schema.org\",\"@graph\":[{\"@type\":\"WebPage\",\"@id\":\"https:\/\/www.albalatdelstarongers.es\/es\/sede-electronica\/\",\"url\":\"https:\/\/www.albalatdelstarongers.es\/es\/sede-electronica\/\",\"name\":\"SEDE ELECTR\u00d3NICA - Albalat dels Tarongers\",\"isPartOf\":{\"@id\":\"https:\/\/www.albalatdelstarongers.es\/es\/#website\"},\"primaryImageOfPage\":{\"@id\":\"https:\/\/www.albalatdelstarongers.es\/es\/sede-electronica\/#primaryimage\"},\"image\":{\"@id\":\"https:\/\/www.albalatdelstarongers.es\/es\/sede-electronica\/#primaryimage\"},\"thumbnailUrl\":\"https:\/\/www.albalatdelstarongers.es\/wp-content\/uploads\/2022\/10\/images_007.png\",\"datePublished\":\"2018-11-13T09:08:16+00:00\",\"dateModified\":\"2025-05-06T09:25:04+00:00\",\"breadcrumb\":{\"@id\":\"https:\/\/www.albalatdelstarongers.es\/es\/sede-electronica\/#breadcrumb\"},\"inLanguage\":\"es\",\"potentialAction\":[{\"@type\":\"ReadAction\",\"target\":[\"https:\/\/www.albalatdelstarongers.es\/es\/sede-electronica\/\"]}]},{\"@type\":\"ImageObject\",\"inLanguage\":\"es\",\"@id\":\"https:\/\/www.albalatdelstarongers.es\/es\/sede-electronica\/#primaryimage\",\"url\":\"https:\/\/www.albalatdelstarongers.es\/wp-content\/uploads\/2022\/10\/images_007.png\",\"contentUrl\":\"https:\/\/www.albalatdelstarongers.es\/wp-content\/uploads\/2022\/10\/images_007.png\"},{\"@type\":\"BreadcrumbList\",\"@id\":\"https:\/\/www.albalatdelstarongers.es\/es\/sede-electronica\/#breadcrumb\",\"itemListElement\":[{\"@type\":\"ListItem\",\"position\":1,\"name\":\"Portada\",\"item\":\"https:\/\/www.albalatdelstarongers.es\/es\/\"},{\"@type\":\"ListItem\",\"position\":2,\"name\":\"SEDE ELECTR\u00d3NICA\"}]},{\"@type\":\"WebSite\",\"@id\":\"https:\/\/www.albalatdelstarongers.es\/es\/#website\",\"url\":\"https:\/\/www.albalatdelstarongers.es\/es\/\",\"name\":\"Albalat dels Tarongers\",\"description\":\"\",\"publisher\":{\"@id\":\"https:\/\/www.albalatdelstarongers.es\/es\/#organization\"},\"potentialAction\":[{\"@type\":\"SearchAction\",\"target\":{\"@type\":\"EntryPoint\",\"urlTemplate\":\"https:\/\/www.albalatdelstarongers.es\/es\/?s={search_term_string}\"},\"query-input\":{\"@type\":\"PropertyValueSpecification\",\"valueRequired\":true,\"valueName\":\"search_term_string\"}}],\"inLanguage\":\"es\"},{\"@type\":\"Organization\",\"@id\":\"https:\/\/www.albalatdelstarongers.es\/es\/#organization\",\"name\":\"Ajuntament Albalat dels Tarongers\",\"url\":\"https:\/\/www.albalatdelstarongers.es\/es\/\",\"logo\":{\"@type\":\"ImageObject\",\"inLanguage\":\"es\",\"@id\":\"https:\/\/www.albalatdelstarongers.es\/es\/#\/schema\/logo\/image\/\",\"url\":\"https:\/\/www.albalatdelstarongers.es\/wp-content\/uploads\/2018\/11\/Albalat-dels-Tarongers.png\",\"contentUrl\":\"https:\/\/www.albalatdelstarongers.es\/wp-content\/uploads\/2018\/11\/Albalat-dels-Tarongers.png\",\"width\":469,\"height\":110,\"caption\":\"Ajuntament Albalat dels Tarongers\"},\"image\":{\"@id\":\"https:\/\/www.albalatdelstarongers.es\/es\/#\/schema\/logo\/image\/\"},\"sameAs\":[\"https:\/\/www.facebook.com\/aytoalbalatdelstarongers\/\",\"https:\/\/www.instagram.com\/albalat_dels_tarongers\/\"]}]}<\/script>\n<!-- \/ Yoast SEO plugin. -->","yoast_head_json":{"title":"SEDE ELECTR\u00d3NICA - Albalat dels Tarongers","robots":{"index":"index","follow":"follow","max-snippet":"max-snippet:-1","max-image-preview":"max-image-preview:large","max-video-preview":"max-video-preview:-1"},"canonical":"https:\/\/www.albalatdelstarongers.es\/es\/sede-electronica\/","og_locale":"es_ES","og_type":"article","og_title":"SEDE ELECTR\u00d3NICA - Albalat dels Tarongers","og_url":"https:\/\/www.albalatdelstarongers.es\/es\/sede-electronica\/","og_site_name":"Albalat dels Tarongers","article_publisher":"https:\/\/www.facebook.com\/aytoalbalatdelstarongers\/","article_modified_time":"2025-05-06T09:25:04+00:00","og_image":[{"width":264,"height":130,"url":"https:\/\/www.albalatdelstarongers.es\/wp-content\/uploads\/2022\/10\/images_007.png","type":"image\/png"}],"twitter_card":"summary_large_image","twitter_misc":{"Tiempo de lectura":"1 minuto"},"schema":{"@context":"https:\/\/schema.org","@graph":[{"@type":"WebPage","@id":"https:\/\/www.albalatdelstarongers.es\/es\/sede-electronica\/","url":"https:\/\/www.albalatdelstarongers.es\/es\/sede-electronica\/","name":"SEDE ELECTR\u00d3NICA - Albalat dels Tarongers","isPartOf":{"@id":"https:\/\/www.albalatdelstarongers.es\/es\/#website"},"primaryImageOfPage":{"@id":"https:\/\/www.albalatdelstarongers.es\/es\/sede-electronica\/#primaryimage"},"image":{"@id":"https:\/\/www.albalatdelstarongers.es\/es\/sede-electronica\/#primaryimage"},"thumbnailUrl":"https:\/\/www.albalatdelstarongers.es\/wp-content\/uploads\/2022\/10\/images_007.png","datePublished":"2018-11-13T09:08:16+00:00","dateModified":"2025-05-06T09:25:04+00:00","breadcrumb":{"@id":"https:\/\/www.albalatdelstarongers.es\/es\/sede-electronica\/#breadcrumb"},"inLanguage":"es","potentialAction":[{"@type":"ReadAction","target":["https:\/\/www.albalatdelstarongers.es\/es\/sede-electronica\/"]}]},{"@type":"ImageObject","inLanguage":"es","@id":"https:\/\/www.albalatdelstarongers.es\/es\/sede-electronica\/#primaryimage","url":"https:\/\/www.albalatdelstarongers.es\/wp-content\/uploads\/2022\/10\/images_007.png","contentUrl":"https:\/\/www.albalatdelstarongers.es\/wp-content\/uploads\/2022\/10\/images_007.png"},{"@type":"BreadcrumbList","@id":"https:\/\/www.albalatdelstarongers.es\/es\/sede-electronica\/#breadcrumb","itemListElement":[{"@type":"ListItem","position":1,"name":"Portada","item":"https:\/\/www.albalatdelstarongers.es\/es\/"},{"@type":"ListItem","position":2,"name":"SEDE ELECTR\u00d3NICA"}]},{"@type":"WebSite","@id":"https:\/\/www.albalatdelstarongers.es\/es\/#website","url":"https:\/\/www.albalatdelstarongers.es\/es\/","name":"Albalat dels Tarongers","description":"","publisher":{"@id":"https:\/\/www.albalatdelstarongers.es\/es\/#organization"},"potentialAction":[{"@type":"SearchAction","target":{"@type":"EntryPoint","urlTemplate":"https:\/\/www.albalatdelstarongers.es\/es\/?s={search_term_string}"},"query-input":{"@type":"PropertyValueSpecification","valueRequired":true,"valueName":"search_term_string"}}],"inLanguage":"es"},{"@type":"Organization","@id":"https:\/\/www.albalatdelstarongers.es\/es\/#organization","name":"Ajuntament Albalat dels Tarongers","url":"https:\/\/www.albalatdelstarongers.es\/es\/","logo":{"@type":"ImageObject","inLanguage":"es","@id":"https:\/\/www.albalatdelstarongers.es\/es\/#\/schema\/logo\/image\/","url":"https:\/\/www.albalatdelstarongers.es\/wp-content\/uploads\/2018\/11\/Albalat-dels-Tarongers.png","contentUrl":"https:\/\/www.albalatdelstarongers.es\/wp-content\/uploads\/2018\/11\/Albalat-dels-Tarongers.png","width":469,"height":110,"caption":"Ajuntament Albalat dels Tarongers"},"image":{"@id":"https:\/\/www.albalatdelstarongers.es\/es\/#\/schema\/logo\/image\/"},"sameAs":["https:\/\/www.facebook.com\/aytoalbalatdelstarongers\/","https:\/\/www.instagram.com\/albalat_dels_tarongers\/"]}]}},"_links":{"self":[{"href":"https:\/\/www.albalatdelstarongers.es\/es\/wp-json\/wp\/v2\/pages\/711","targetHints":{"allow":["GET"]}}],"collection":[{"href":"https:\/\/www.albalatdelstarongers.es\/es\/wp-json\/wp\/v2\/pages"}],"about":[{"href":"https:\/\/www.albalatdelstarongers.es\/es\/wp-json\/wp\/v2\/types\/page"}],"author":[{"embeddable":true,"href":"https:\/\/www.albalatdelstarongers.es\/es\/wp-json\/wp\/v2\/users\/1"}],"replies":[{"embeddable":true,"href":"https:\/\/www.albalatdelstarongers.es\/es\/wp-json\/wp\/v2\/comments?post=711"}],"version-history":[{"count":9,"href":"https:\/\/www.albalatdelstarongers.es\/es\/wp-json\/wp\/v2\/pages\/711\/revisions"}],"predecessor-version":[{"id":9235,"href":"https:\/\/www.albalatdelstarongers.es\/es\/wp-json\/wp\/v2\/pages\/711\/revisions\/9235"}],"wp:attachment":[{"href":"https:\/\/www.albalatdelstarongers.es\/es\/wp-json\/wp\/v2\/media?parent=711"}],"curies":[{"name":"wp","href":"https:\/\/api.w.org\/{rel}","templated":true}]}}