{"id":733,"date":"2018-11-10T08:02:32","date_gmt":"2018-11-10T07:02:32","guid":{"rendered":"https:\/\/www.albalatdelstarongers.es\/patrimonio-arqueologia\/"},"modified":"2018-11-28T16:53:57","modified_gmt":"2018-11-28T15:53:57","slug":"patrimonio-arqueologia","status":"publish","type":"page","link":"https:\/\/www.albalatdelstarongers.es\/es\/patrimonio-y-cultura\/patrimonio-arqueologia\/","title":{"rendered":"Arqueolog\u00eda"},"content":{"rendered":"<p><div class=\"fusion-fullwidth fullwidth-box fusion-builder-row-1 nonhundred-percent-fullwidth non-hundred-percent-height-scrolling\" style=\"--awb-border-radius-top-left:0px;--awb-border-radius-top-right:0px;--awb-border-radius-bottom-right:0px;--awb-border-radius-bottom-left:0px;--awb-flex-wrap:wrap;\" ><div class=\"fusion-builder-row fusion-row\"><div class=\"fusion-layout-column fusion_builder_column fusion-builder-column-0 fusion_builder_column_1_1 1_1 fusion-one-full fusion-column-first fusion-column-last\" style=\"--awb-bg-size:cover;--awb-margin-bottom:0px;\"><div class=\"fusion-column-wrapper fusion-flex-column-wrapper-legacy\"><div class=\"fusion-title title fusion-title-1 fusion-title-center fusion-title-text fusion-title-size-one\" style=\"--awb-text-color:#a7bdb1;--awb-margin-top:10px;--awb-margin-bottom:10px;\"><div class=\"title-sep-container title-sep-container-left\"><div class=\"title-sep sep-single sep-dotted\" style=\"border-color:#e0dede;\"><\/div><\/div><span class=\"awb-title-spacer\"><\/span><h1 class=\"fusion-title-heading title-heading-center\" style=\"margin:0;\">Rutas Arqueol\u00f3gicas<\/h1><span class=\"awb-title-spacer\"><\/span><div class=\"title-sep-container title-sep-container-right\"><div class=\"title-sep sep-single sep-dotted\" style=\"border-color:#e0dede;\"><\/div><\/div><\/div><div class=\"fusion-title title fusion-title-2 fusion-sep-none fusion-title-text fusion-title-size-two\" style=\"--awb-text-color:#a7bdb1;--awb-margin-top:10px;--awb-margin-bottom:10px;\"><h2 class=\"fusion-title-heading title-heading-left\" style=\"margin:0;\"><b>Introducci\u00f3n, paisaje e historia<\/b><\/h2><\/div><div class=\"fusion-text fusion-text-1\"><p>Albalat dels Tarongers se encuentra situado en la Comarca del Camp de Morverdre, al margen izquierdo del r\u00edo Palencia. Posee una superficie de 2.135 hect\u00e1reas. Est\u00e1 a unos 97 metros sobre el nivel del mar. Sus limitaciones geogr\u00e1ficas son las siguientes: al Norte con el t\u00e9rmino municipal de Estivella, al Sur con Sagunto y el Puig, al Este con Sagunto de nuevo, y Gilet, y por \u00faltimo al Oeste con los municipios de N\u00e1quera y Segart. Junto a la poblaci\u00f3n pasa el r\u00edo Palencia, en direcci\u00f3n sur-este. El paisaje de este municipio es agradable, lleno de naturaleza y zonas verdes. Posee r\u00edo, huerta y tambi\u00e9n secano. La huerta en su mayor\u00eda repleta de naranjos, y la zona de secano est\u00e1 formada por numerosas flores y variadas plantas, as\u00ed como una enorme pinada. De su orograf\u00eda cabe destacar los altos montes de Montalt, conocido como la Monta\u00f1a Redona que tiene 427 metros de altura y El Garb\u00ed de 593 metros. Existen otras menos conocidas como la del Pic de l\u2019\u00c0guila, Sale, Cavall, entre otras. Existen otras monta\u00f1as de menor altura y menos conocidas pero tambi\u00e9n importantes por su paisaje, como son, la de Cabe\u00e7 Bort, de 238 metros, en la cual confluyen cuatro t\u00e9rminos: N\u00e1quera, El Puig, Sagunt y Albalat dels Tarongers. La figura geom\u00e9trica de Albalat es muy irregular. La distancia de Valencia es de 31 kil\u00f3metros, y se accede a ella por la carretera nacional de Sagunto-Teruel. Debido a su huerta y paisaje, Albalat es totalmente agr\u00edcola. Sus principales riquezas provienen del cultivo de la naranja, la uva moscatel para mesa, la algarroba, el aceite y otras frutas. Los primeros naranjos fueron plantados hace m\u00e1s de 250 a\u00f1os, de ah\u00ed su nombre, estipulado desde el s.XVII.<\/p>\n<\/div><div class=\"fusion-clearfix\"><\/div><\/div><\/div><\/div><\/div><div class=\"fusion-fullwidth fullwidth-box fusion-builder-row-2 nonhundred-percent-fullwidth non-hundred-percent-height-scrolling\" style=\"--awb-border-radius-top-left:0px;--awb-border-radius-top-right:0px;--awb-border-radius-bottom-right:0px;--awb-border-radius-bottom-left:0px;--awb-flex-wrap:wrap;\" ><div class=\"fusion-builder-row fusion-row\"><div class=\"fusion-layout-column fusion_builder_column fusion-builder-column-1 fusion_builder_column_1_1 1_1 fusion-one-full fusion-column-first fusion-column-last\" style=\"--awb-bg-size:cover;--awb-margin-bottom:0px;\"><div class=\"fusion-column-wrapper fusion-flex-column-wrapper-legacy\"><div class=\"fusion-title title fusion-title-3 fusion-sep-none fusion-title-text fusion-title-size-two\" style=\"--awb-text-color:#a7bdb1;--awb-margin-top:10px;--awb-margin-bottom:10px;\"><h2 class=\"fusion-title-heading title-heading-left\" style=\"margin:0;\"><b>Patrimonio arqueol\u00f3gico de ALbalat Dels Tarongers<\/b><\/h2><\/div><div class=\"fusion-text fusion-text-2\"><p>En el municipio de Albalat dels Tarongers se encuentran un grupo numerosos de yacimientos arqueol\u00f3gicos de diversas \u00e9pocas, en especial de \u00e9poca prehist\u00f3rica, en concreto de la Edad del Bronce, de \u00e9poca ib\u00e9rica, romana y medieval. Los diferentes yacimientos son: El denominado de Les Raboses, de la Edad del Bronce, en concreto datado entre los a\u00f1os 1600-100 a.C. El yacimiento de La Cova de l\u2019Aigua Amarga, que presenta pinturas rupestres del per\u00edodo del Eneol\u00edtico, del a\u00f1o 2000 a.C. La Cova Buitrera de \u00e9poca Ib\u00e9rica, La Partida del Calvari que abarca los per\u00edodos Ib\u00e9rico, Romano y Medieval. La Muntanya dels Arcs cuyo per\u00edodo cronol\u00f3gico tambi\u00e9n es amplio, Ib\u00e9rico-Alto imperial, s. III a.C. El Pil\u00f3, de adscripci\u00f3n Ib\u00e9rica, romana y medieval. La Murta o el Palmeral, per\u00edodo del Bronce, del a\u00f1o 1600-1200 a.C. La Muntanyeta, de adscripci\u00f3n Ib\u00e9rica-romana. La LLoma del Saler, tambi\u00e9n del Bronce, a\u00f1os 1660-1500 a.C. El Mont Alt, yacimiento que abarca un per\u00edodo cronol\u00f3gico muy amplio, Bronce, Ib\u00e9rico, Romano, Medieval y Moderno, desde 1660 a.C al s. XVIII. El Mont dels Terrers, Edad del Bronce, de los a\u00f1os 1660-1200 a.C. El Tossalet de les Panses, tambi\u00e9n abarca un per\u00edodo amplio, desde el 1500 a.C al s. I-III d.C. El Planet, cuya cronolog\u00eda es indeterminada pero su adscripci\u00f3n es Ib\u00e9rica y Romana. L\u2019Albardeta, per\u00edodo del Bronce, del 1600-1300 a.C. Y el yacimiento de La Partida De El Cementeri de adscripci\u00f3n ib\u00e9rica, romana, medieval y moderna. Por \u00faltimo, como monumentos Hist\u00f3rico-Art\u00edsticos cabe destacar, El Castellet de Comediana, per\u00edodo del s. XII-XV, Medieval. El Palau Senyorial, de \u00e9poca medieval, del s. XIV-XV y La Iglesia Parroquial, del s XIX.<\/p>\n<\/div><div class=\"fusion-clearfix\"><\/div><\/div><\/div><\/div><\/div><div class=\"fusion-fullwidth fullwidth-box fusion-builder-row-3 nonhundred-percent-fullwidth non-hundred-percent-height-scrolling\" style=\"--awb-border-radius-top-left:0px;--awb-border-radius-top-right:0px;--awb-border-radius-bottom-right:0px;--awb-border-radius-bottom-left:0px;--awb-flex-wrap:wrap;\" ><div class=\"fusion-builder-row fusion-row\"><div class=\"fusion-layout-column fusion_builder_column fusion-builder-column-2 fusion_builder_column_1_6 1_6 fusion-one-sixth fusion-column-first\" style=\"--awb-bg-size:cover;--awb-margin-bottom:0px;width:13.3333%; margin-right: 4%;\"><div class=\"fusion-column-wrapper fusion-flex-column-wrapper-legacy\"><div class=\"fusion-image-element fusion-image-align-center in-legacy-container\" style=\"text-align:center;--awb-caption-title-font-family:var(--h2_typography-font-family);--awb-caption-title-font-weight:var(--h2_typography-font-weight);--awb-caption-title-font-style:var(--h2_typography-font-style);--awb-caption-title-size:var(--h2_typography-font-size);--awb-caption-title-transform:var(--h2_typography-text-transform);--awb-caption-title-line-height:var(--h2_typography-line-height);--awb-caption-title-letter-spacing:var(--h2_typography-letter-spacing);\"><div class=\"imageframe-align-center\"><span class=\" fusion-imageframe imageframe-dropshadow imageframe-1 hover-type-none\" style=\"-webkit-box-shadow: 3px 3px 7px rgba(167,189,177,0.3);box-shadow: 3px 3px 7px rgba(167,189,177,0.3);\"><a href=\"https:\/\/www.albalatdelstarongers.es\/wp-content\/uploads\/2018\/11\/mapa-arqueolog\u00eda.jpg\" class=\"fusion-lightbox\" data-rel=\"iLightbox[87d904d76c83f275e02]\" data-title=\"mapa arqueolog\u00eda\" title=\"mapa arqueolog\u00eda\"><img decoding=\"async\" width=\"512\" height=\"640\" src=\"https:\/\/www.albalatdelstarongers.es\/wp-content\/uploads\/2018\/11\/mapa-arqueolog\u00eda.jpg\" alt class=\"img-responsive wp-image-734\" srcset=\"https:\/\/www.albalatdelstarongers.es\/wp-content\/uploads\/2018\/11\/mapa-arqueolog\u00eda-200x250.jpg 200w, https:\/\/www.albalatdelstarongers.es\/wp-content\/uploads\/2018\/11\/mapa-arqueolog\u00eda-400x500.jpg 400w, https:\/\/www.albalatdelstarongers.es\/wp-content\/uploads\/2018\/11\/mapa-arqueolog\u00eda.jpg 512w\" sizes=\"(max-width: 800px) 100vw, 200px\" \/><\/a><\/span><\/div><\/div><div class=\"fusion-clearfix\"><\/div><\/div><\/div><div class=\"fusion-layout-column fusion_builder_column fusion-builder-column-3 fusion_builder_column_5_6 5_6 fusion-five-sixth fusion-column-last\" style=\"--awb-bg-size:cover;--awb-margin-bottom:0px;width:82.6666%;\"><div class=\"fusion-column-wrapper fusion-flex-column-wrapper-legacy\"><div class=\"fusion-reading-box-container reading-box-container-1\" style=\"--awb-title-color:#333333;--awb-margin-top:0px;--awb-margin-bottom:84px;\"><div class=\"reading-box\" style=\"background-color:#f6f6f6;border-width:0px;border-color:#f6f6f6;border-left-width:3px;border-left-color:var(--primary_color);border-style:solid;\"><a class=\"button fusion-button button-default fusion-button-default-size button-default-size button-flat fusion-desktop-button fusion-tagline-button continue fusion-desktop-button-margin continue-right\" style=\"-webkit-box-shadow:none;-moz-box-shadow:none;box-shadow:none;border-radius:0px 0px 0px 0px\" href=\"https:\/\/www.albalatdelstarongers.es\/wp-content\/uploads\/2018\/11\/trabajo.pdf\" target=\"_blank\" rel=\"noopener noreferrer\"><span>Descargar<\/span><\/a><div class=\"reading-box-additional\">\n<p>DESCARGA TRABAJO SOBRE LAS RUTAS ARQUEOL\u00d3GICAS DE ALBALAT DELS TARONGERS (Realizado por Mar\u00eda Del Mar Ferrandis y Alfonso Parra):<\/p>\n<\/div><div class=\"fusion-clearfix\"><\/div><a class=\"button fusion-button button-default fusion-button-default-size button-default-size button-flat fusion-mobile-button continue-right\" style=\"-webkit-box-shadow:none;-moz-box-shadow:none;box-shadow:none;border-radius:0px 0px 0px 0px\" href=\"https:\/\/www.albalatdelstarongers.es\/wp-content\/uploads\/2018\/11\/trabajo.pdf\" target=\"_blank\" rel=\"noopener noreferrer\"><span>Descargar<\/span><\/a><\/div><\/div><div class=\"fusion-clearfix\"><\/div><\/div><\/div><\/div><\/div><div class=\"fusion-fullwidth fullwidth-box fusion-builder-row-4 nonhundred-percent-fullwidth non-hundred-percent-height-scrolling\" style=\"--awb-border-radius-top-left:0px;--awb-border-radius-top-right:0px;--awb-border-radius-bottom-right:0px;--awb-border-radius-bottom-left:0px;--awb-flex-wrap:wrap;\" ><div class=\"fusion-builder-row fusion-row\"><div class=\"fusion-layout-column fusion_builder_column fusion-builder-column-4 fusion_builder_column_1_1 1_1 fusion-one-full fusion-column-first fusion-column-last\" style=\"--awb-bg-size:cover;--awb-margin-bottom:0px;\"><div class=\"fusion-column-wrapper fusion-flex-column-wrapper-legacy\"><div class=\"fusion-image-element fusion-image-align-center in-legacy-container\" style=\"text-align:center;--awb-caption-title-font-family:var(--h2_typography-font-family);--awb-caption-title-font-weight:var(--h2_typography-font-weight);--awb-caption-title-font-style:var(--h2_typography-font-style);--awb-caption-title-size:var(--h2_typography-font-size);--awb-caption-title-transform:var(--h2_typography-text-transform);--awb-caption-title-line-height:var(--h2_typography-line-height);--awb-caption-title-letter-spacing:var(--h2_typography-letter-spacing);\"><div class=\"imageframe-align-center\"><span class=\" fusion-imageframe imageframe-none imageframe-2 hover-type-none\"><a class=\"fusion-no-lightbox\" href=\"https:\/\/www.albalatdelstarongers.es\/es\/patrimonio-y-cultura\/\" target=\"_self\" aria-label=\"Albalat es Vida\"><img decoding=\"async\" width=\"297\" height=\"210\" alt=\"Patrimonio y Cultura\" src=\"https:\/\/www.albalatdelstarongers.es\/wp-content\/uploads\/2018\/11\/Albalat-es-Vida.png\" class=\"img-responsive wp-image-832\" srcset=\"https:\/\/www.albalatdelstarongers.es\/wp-content\/uploads\/2018\/11\/Albalat-es-Vida-200x141.png 200w, https:\/\/www.albalatdelstarongers.es\/wp-content\/uploads\/2018\/11\/Albalat-es-Vida.png 297w\" sizes=\"(max-width: 800px) 100vw, 297px\" \/><\/a><\/span><\/div><\/div><div class=\"fusion-clearfix\"><\/div><\/div><\/div><\/div><\/div><\/p>\n","protected":false},"excerpt":{"rendered":"","protected":false},"author":1,"featured_media":0,"parent":743,"menu_order":0,"comment_status":"closed","ping_status":"closed","template":"","meta":{"_bbp_topic_count":0,"_bbp_reply_count":0,"_bbp_total_topic_count":0,"_bbp_total_reply_count":0,"_bbp_voice_count":0,"_bbp_anonymous_reply_count":0,"_bbp_topic_count_hidden":0,"_bbp_reply_count_hidden":0,"_bbp_forum_subforum_count":0,"footnotes":""},"class_list":["post-733","page","type-page","status-publish","hentry"],"yoast_head":"<!-- This site is optimized with the Yoast SEO plugin v26.6 - https:\/\/yoast.com\/wordpress\/plugins\/seo\/ -->\n<title>Arqueolog\u00eda - Albalat dels Tarongers<\/title>\n<meta name=\"robots\" content=\"index, follow, max-snippet:-1, max-image-preview:large, max-video-preview:-1\" \/>\n<link rel=\"canonical\" href=\"https:\/\/www.albalatdelstarongers.es\/es\/patrimonio-y-cultura\/patrimonio-arqueologia\/\" \/>\n<meta property=\"og:locale\" content=\"es_ES\" \/>\n<meta property=\"og:type\" content=\"article\" \/>\n<meta property=\"og:title\" content=\"Arqueolog\u00eda - Albalat dels Tarongers\" \/>\n<meta property=\"og:url\" content=\"https:\/\/www.albalatdelstarongers.es\/es\/patrimonio-y-cultura\/patrimonio-arqueologia\/\" \/>\n<meta property=\"og:site_name\" content=\"Albalat dels Tarongers\" \/>\n<meta property=\"article:publisher\" content=\"https:\/\/www.facebook.com\/aytoalbalatdelstarongers\/\" \/>\n<meta property=\"article:modified_time\" content=\"2018-11-28T15:53:57+00:00\" \/>\n<meta name=\"twitter:card\" content=\"summary_large_image\" \/>\n<meta name=\"twitter:label1\" content=\"Tiempo de lectura\" \/>\n\t<meta name=\"twitter:data1\" content=\"8 minutos\" \/>\n<script type=\"application\/ld+json\" class=\"yoast-schema-graph\">{\"@context\":\"https:\/\/schema.org\",\"@graph\":[{\"@type\":\"WebPage\",\"@id\":\"https:\/\/www.albalatdelstarongers.es\/es\/patrimonio-y-cultura\/patrimonio-arqueologia\/\",\"url\":\"https:\/\/www.albalatdelstarongers.es\/es\/patrimonio-y-cultura\/patrimonio-arqueologia\/\",\"name\":\"Arqueolog\u00eda - Albalat dels Tarongers\",\"isPartOf\":{\"@id\":\"https:\/\/www.albalatdelstarongers.es\/es\/#website\"},\"datePublished\":\"2018-11-10T07:02:32+00:00\",\"dateModified\":\"2018-11-28T15:53:57+00:00\",\"breadcrumb\":{\"@id\":\"https:\/\/www.albalatdelstarongers.es\/es\/patrimonio-y-cultura\/patrimonio-arqueologia\/#breadcrumb\"},\"inLanguage\":\"es\",\"potentialAction\":[{\"@type\":\"ReadAction\",\"target\":[\"https:\/\/www.albalatdelstarongers.es\/es\/patrimonio-y-cultura\/patrimonio-arqueologia\/\"]}]},{\"@type\":\"BreadcrumbList\",\"@id\":\"https:\/\/www.albalatdelstarongers.es\/es\/patrimonio-y-cultura\/patrimonio-arqueologia\/#breadcrumb\",\"itemListElement\":[{\"@type\":\"ListItem\",\"position\":1,\"name\":\"Portada\",\"item\":\"https:\/\/www.albalatdelstarongers.es\/es\/\"},{\"@type\":\"ListItem\",\"position\":2,\"name\":\"Turismo\",\"item\":\"https:\/\/www.albalatdelstarongers.es\/es\/patrimonio-y-cultura\/\"},{\"@type\":\"ListItem\",\"position\":3,\"name\":\"Arqueolog\u00eda\"}]},{\"@type\":\"WebSite\",\"@id\":\"https:\/\/www.albalatdelstarongers.es\/es\/#website\",\"url\":\"https:\/\/www.albalatdelstarongers.es\/es\/\",\"name\":\"Albalat dels Tarongers\",\"description\":\"\",\"publisher\":{\"@id\":\"https:\/\/www.albalatdelstarongers.es\/es\/#organization\"},\"potentialAction\":[{\"@type\":\"SearchAction\",\"target\":{\"@type\":\"EntryPoint\",\"urlTemplate\":\"https:\/\/www.albalatdelstarongers.es\/es\/?s={search_term_string}\"},\"query-input\":{\"@type\":\"PropertyValueSpecification\",\"valueRequired\":true,\"valueName\":\"search_term_string\"}}],\"inLanguage\":\"es\"},{\"@type\":\"Organization\",\"@id\":\"https:\/\/www.albalatdelstarongers.es\/es\/#organization\",\"name\":\"Ajuntament Albalat dels Tarongers\",\"url\":\"https:\/\/www.albalatdelstarongers.es\/es\/\",\"logo\":{\"@type\":\"ImageObject\",\"inLanguage\":\"es\",\"@id\":\"https:\/\/www.albalatdelstarongers.es\/es\/#\/schema\/logo\/image\/\",\"url\":\"https:\/\/www.albalatdelstarongers.es\/wp-content\/uploads\/2018\/11\/Albalat-dels-Tarongers.png\",\"contentUrl\":\"https:\/\/www.albalatdelstarongers.es\/wp-content\/uploads\/2018\/11\/Albalat-dels-Tarongers.png\",\"width\":469,\"height\":110,\"caption\":\"Ajuntament Albalat dels Tarongers\"},\"image\":{\"@id\":\"https:\/\/www.albalatdelstarongers.es\/es\/#\/schema\/logo\/image\/\"},\"sameAs\":[\"https:\/\/www.facebook.com\/aytoalbalatdelstarongers\/\",\"https:\/\/www.instagram.com\/albalat_dels_tarongers\/\"]}]}<\/script>\n<!-- \/ Yoast SEO plugin. -->","yoast_head_json":{"title":"Arqueolog\u00eda - Albalat dels Tarongers","robots":{"index":"index","follow":"follow","max-snippet":"max-snippet:-1","max-image-preview":"max-image-preview:large","max-video-preview":"max-video-preview:-1"},"canonical":"https:\/\/www.albalatdelstarongers.es\/es\/patrimonio-y-cultura\/patrimonio-arqueologia\/","og_locale":"es_ES","og_type":"article","og_title":"Arqueolog\u00eda - Albalat dels Tarongers","og_url":"https:\/\/www.albalatdelstarongers.es\/es\/patrimonio-y-cultura\/patrimonio-arqueologia\/","og_site_name":"Albalat dels Tarongers","article_publisher":"https:\/\/www.facebook.com\/aytoalbalatdelstarongers\/","article_modified_time":"2018-11-28T15:53:57+00:00","twitter_card":"summary_large_image","twitter_misc":{"Tiempo de lectura":"8 minutos"},"schema":{"@context":"https:\/\/schema.org","@graph":[{"@type":"WebPage","@id":"https:\/\/www.albalatdelstarongers.es\/es\/patrimonio-y-cultura\/patrimonio-arqueologia\/","url":"https:\/\/www.albalatdelstarongers.es\/es\/patrimonio-y-cultura\/patrimonio-arqueologia\/","name":"Arqueolog\u00eda - Albalat dels Tarongers","isPartOf":{"@id":"https:\/\/www.albalatdelstarongers.es\/es\/#website"},"datePublished":"2018-11-10T07:02:32+00:00","dateModified":"2018-11-28T15:53:57+00:00","breadcrumb":{"@id":"https:\/\/www.albalatdelstarongers.es\/es\/patrimonio-y-cultura\/patrimonio-arqueologia\/#breadcrumb"},"inLanguage":"es","potentialAction":[{"@type":"ReadAction","target":["https:\/\/www.albalatdelstarongers.es\/es\/patrimonio-y-cultura\/patrimonio-arqueologia\/"]}]},{"@type":"BreadcrumbList","@id":"https:\/\/www.albalatdelstarongers.es\/es\/patrimonio-y-cultura\/patrimonio-arqueologia\/#breadcrumb","itemListElement":[{"@type":"ListItem","position":1,"name":"Portada","item":"https:\/\/www.albalatdelstarongers.es\/es\/"},{"@type":"ListItem","position":2,"name":"Turismo","item":"https:\/\/www.albalatdelstarongers.es\/es\/patrimonio-y-cultura\/"},{"@type":"ListItem","position":3,"name":"Arqueolog\u00eda"}]},{"@type":"WebSite","@id":"https:\/\/www.albalatdelstarongers.es\/es\/#website","url":"https:\/\/www.albalatdelstarongers.es\/es\/","name":"Albalat dels Tarongers","description":"","publisher":{"@id":"https:\/\/www.albalatdelstarongers.es\/es\/#organization"},"potentialAction":[{"@type":"SearchAction","target":{"@type":"EntryPoint","urlTemplate":"https:\/\/www.albalatdelstarongers.es\/es\/?s={search_term_string}"},"query-input":{"@type":"PropertyValueSpecification","valueRequired":true,"valueName":"search_term_string"}}],"inLanguage":"es"},{"@type":"Organization","@id":"https:\/\/www.albalatdelstarongers.es\/es\/#organization","name":"Ajuntament Albalat dels Tarongers","url":"https:\/\/www.albalatdelstarongers.es\/es\/","logo":{"@type":"ImageObject","inLanguage":"es","@id":"https:\/\/www.albalatdelstarongers.es\/es\/#\/schema\/logo\/image\/","url":"https:\/\/www.albalatdelstarongers.es\/wp-content\/uploads\/2018\/11\/Albalat-dels-Tarongers.png","contentUrl":"https:\/\/www.albalatdelstarongers.es\/wp-content\/uploads\/2018\/11\/Albalat-dels-Tarongers.png","width":469,"height":110,"caption":"Ajuntament Albalat dels Tarongers"},"image":{"@id":"https:\/\/www.albalatdelstarongers.es\/es\/#\/schema\/logo\/image\/"},"sameAs":["https:\/\/www.facebook.com\/aytoalbalatdelstarongers\/","https:\/\/www.instagram.com\/albalat_dels_tarongers\/"]}]}},"_links":{"self":[{"href":"https:\/\/www.albalatdelstarongers.es\/es\/wp-json\/wp\/v2\/pages\/733","targetHints":{"allow":["GET"]}}],"collection":[{"href":"https:\/\/www.albalatdelstarongers.es\/es\/wp-json\/wp\/v2\/pages"}],"about":[{"href":"https:\/\/www.albalatdelstarongers.es\/es\/wp-json\/wp\/v2\/types\/page"}],"author":[{"embeddable":true,"href":"https:\/\/www.albalatdelstarongers.es\/es\/wp-json\/wp\/v2\/users\/1"}],"replies":[{"embeddable":true,"href":"https:\/\/www.albalatdelstarongers.es\/es\/wp-json\/wp\/v2\/comments?post=733"}],"version-history":[{"count":3,"href":"https:\/\/www.albalatdelstarongers.es\/es\/wp-json\/wp\/v2\/pages\/733\/revisions"}],"predecessor-version":[{"id":8225,"href":"https:\/\/www.albalatdelstarongers.es\/es\/wp-json\/wp\/v2\/pages\/733\/revisions\/8225"}],"up":[{"embeddable":true,"href":"https:\/\/www.albalatdelstarongers.es\/es\/wp-json\/wp\/v2\/pages\/743"}],"wp:attachment":[{"href":"https:\/\/www.albalatdelstarongers.es\/es\/wp-json\/wp\/v2\/media?parent=733"}],"curies":[{"name":"wp","href":"https:\/\/api.w.org\/{rel}","templated":true}]}}